{"id":934,"date":"2024-06-29T22:50:42","date_gmt":"2024-06-29T22:50:42","guid":{"rendered":"https:\/\/itisallmath.org\/?page_id=934"},"modified":"2025-11-07T21:06:32","modified_gmt":"2025-11-07T21:06:32","slug":"build-awesome-web-apps-with-pubcoder","status":"publish","type":"page","link":"https:\/\/itisallmath.org\/es\/build-awesome-web-apps-with-pubcoder\/","title":{"rendered":"Interactive EPUBs and Web Apps Created with PubCoder"},"content":{"rendered":"<div class=\"wp-block-uagb-container uagb-layout-flex uagb-block-17a5cbc4 alignfull uagb-is-root-container\"><div class=\"uagb-container-inner-blocks-wrap\">\n<div class=\"wp-block-uagb-advanced-heading uagb-block-1ca34808\"><h1 class=\"uagb-heading-text\"> Interactive EPUBs and Web Apps Created with PubCoder<\/h1><\/div>\n\n\n\n<div class=\"wp-block-uagb-advanced-heading uagb-block-97df72c6\"><\/div>\n<\/div><\/div>\n\n\n\n<div class=\"wp-block-uagb-container uagb-block-a050f86e alignfull uagb-is-root-container\"><div class=\"uagb-container-inner-blocks-wrap\">\n<div class=\"wp-block-uagb-container uagb-block-52fa4c2b\">\n<div class=\"wp-block-uagb-info-box uagb-block-f40156f7 uagb-infobox__content-wrap  uagb-infobox-icon-above-title uagb-infobox-image-valign-top\"><div class=\"uagb-ifb-content\"><div class=\"uagb-ifb-title-wrap\"><h3 class=\"uagb-ifb-title\">El Zool\u00f3gico Ejemplo<\/h3><\/div><p class=\"uagb-ifb-desc\">Este es un extracto de una Aplicaci\u00f3n Web m\u00e1s extensa  llamada El Zool\u00f3gico. En el Epub \"<em>La creaci\u00f3n Interactiva de EPUBs y Aplicaciones Web con PubCoder<\/em>&#8220;, soon to be published, I use the <em><strong>El Zool\u00f3gico Ejemplo<\/strong><\/em> as a vehicle to teach the methodology to design and publish Interactive EPUBs and Web Apps.<\/p><\/div><\/div>\n<\/div>\n\n\n\n<div class=\"wp-block-uagb-container uagb-block-27e5589c\">\n<figure class=\"wp-block-image size-large\"><a href=\"http:\/\/itisallmath.org\/es\/web-apps\/TheZooExample\/index.html\/\" target=\"_blank\" rel=\"noreferrer noopener\"><img loading=\"lazy\" decoding=\"async\" width=\"1024\" height=\"768\" src=\"https:\/\/itisallmath.org\/wp-content\/uploads\/2024\/06\/zooImageLandscapeWithTextPalyButton-1024x768.webp\" alt=\"\" class=\"wp-image-936\" srcset=\"https:\/\/itisallmath.org\/wp-content\/uploads\/2024\/06\/zooImageLandscapeWithTextPalyButton-1024x768.webp 1024w, https:\/\/itisallmath.org\/wp-content\/uploads\/2024\/06\/zooImageLandscapeWithTextPalyButton-600x450.webp 600w, https:\/\/itisallmath.org\/wp-content\/uploads\/2024\/06\/zooImageLandscapeWithTextPalyButton-300x225.webp 300w, https:\/\/itisallmath.org\/wp-content\/uploads\/2024\/06\/zooImageLandscapeWithTextPalyButton-768x576.webp 768w, https:\/\/itisallmath.org\/wp-content\/uploads\/2024\/06\/zooImageLandscapeWithTextPalyButton-1536x1152.webp 1536w, https:\/\/itisallmath.org\/wp-content\/uploads\/2024\/06\/zooImageLandscapeWithTextPalyButton.webp 1822w\" sizes=\"auto, (max-width: 1024px) 100vw, 1024px\" \/><\/a><\/figure>\n<\/div>\n<\/div><\/div>\n\n\n\n<div class=\"wp-block-uagb-container uagb-block-5f439605 alignfull uagb-is-root-container\"><div class=\"uagb-container-inner-blocks-wrap\">\n<div class=\"wp-block-uagb-container uagb-block-381e94e2\">\n<figure class=\"wp-block-image size-large\"><a href=\"http:\/\/itisallmath.org\/es\/web-apps\/GeoSurAmericaMuestra\/GeoSurAmericaMuestra\/index.html\/\" target=\"_blank\" rel=\" noreferrer noopener\"><img loading=\"lazy\" decoding=\"async\" width=\"1024\" height=\"1024\" src=\"https:\/\/itisallmath.org\/wp-content\/uploads\/2024\/06\/SouthAmericaLocationModified-1024x1024.webp\" alt=\"\" class=\"wp-image-937\" srcset=\"https:\/\/itisallmath.org\/wp-content\/uploads\/2024\/06\/SouthAmericaLocationModified-1024x1024.webp 1024w, https:\/\/itisallmath.org\/wp-content\/uploads\/2024\/06\/SouthAmericaLocationModified-300x300.webp 300w, https:\/\/itisallmath.org\/wp-content\/uploads\/2024\/06\/SouthAmericaLocationModified-100x100.webp 100w, https:\/\/itisallmath.org\/wp-content\/uploads\/2024\/06\/SouthAmericaLocationModified-600x600.webp 600w, https:\/\/itisallmath.org\/wp-content\/uploads\/2024\/06\/SouthAmericaLocationModified-150x150.webp 150w, https:\/\/itisallmath.org\/wp-content\/uploads\/2024\/06\/SouthAmericaLocationModified-768x768.webp 768w, https:\/\/itisallmath.org\/wp-content\/uploads\/2024\/06\/SouthAmericaLocationModified-1536x1536.webp 1536w, https:\/\/itisallmath.org\/wp-content\/uploads\/2024\/06\/SouthAmericaLocationModified-2048x2048.webp 2048w\" sizes=\"auto, (max-width: 1024px) 100vw, 1024px\" \/><\/a><\/figure>\n<\/div>\n\n\n\n<div class=\"wp-block-uagb-container uagb-block-fa6b4471\">\n<div class=\"wp-block-uagb-info-box uagb-block-9f52db29 uagb-infobox__content-wrap  uagb-infobox-icon-above-title uagb-infobox-image-valign-top\"><div class=\"uagb-ifb-content\"><div class=\"uagb-ifb-title-wrap\"><h3 class=\"uagb-ifb-title\">Geograf\u00eda B\u00e1sica de Sur Am\u00e9rica<\/h3><\/div><p class=\"uagb-ifb-desc\">Esta es una aplicaci\u00f3n web interactiva que ayudar\u00e1 al usuario un aprender geograf\u00eda b\u00e1sica de Am\u00e9rica del Sur. \u00a1A\u00fan est\u00e1 en desarrollo!<\/p><\/div><\/div>\n<\/div>\n<\/div><\/div>\n\n\n\n<div class=\"wp-block-uagb-container uagb-block-f762743d alignfull uagb-is-root-container\"><div class=\"uagb-container-inner-blocks-wrap\">\n<div class=\"wp-block-uagb-container uagb-block-e88e8bc6\">\n<div class=\"wp-block-uagb-info-box uagb-block-7c04cb6d uagb-infobox__content-wrap  uagb-infobox-icon-above-title uagb-infobox-image-valign-top wp-block-uagb-info-box--has-margin\"><div class=\"uagb-infobox-margin-wrapper\"><div class=\"uagb-ifb-content\"><div class=\"uagb-ifb-title-wrap\"><h3 class=\"uagb-ifb-title\">Geometr\u00eda Plana B\u00e1sica<\/h3><\/div><p class=\"uagb-ifb-desc\">Juego de Arrastrar y Soltar que ayuda a los usuarios a aprender los conceptos b\u00e1sicos del de la geometr\u00eda plana.<br>Est\u00e1 todav\u00eda en desarrollo!<br><br><br><br><\/p><\/div><\/div><\/div>\n<\/div>\n\n\n\n<div class=\"wp-block-uagb-container uagb-block-58dc7a36\">\n<figure class=\"wp-block-image size-large\"><img loading=\"lazy\" decoding=\"async\" width=\"1024\" height=\"769\" src=\"https:\/\/itisallmath.org\/wp-content\/uploads\/2024\/06\/Screen-Shot-2024-06-24-at-9.37.21-PM-1024x769.png\" alt=\"\" class=\"wp-image-938\" srcset=\"https:\/\/itisallmath.org\/wp-content\/uploads\/2024\/06\/Screen-Shot-2024-06-24-at-9.37.21-PM-1024x769.png 1024w, https:\/\/itisallmath.org\/wp-content\/uploads\/2024\/06\/Screen-Shot-2024-06-24-at-9.37.21-PM-600x451.png 600w, https:\/\/itisallmath.org\/wp-content\/uploads\/2024\/06\/Screen-Shot-2024-06-24-at-9.37.21-PM-300x225.png 300w, https:\/\/itisallmath.org\/wp-content\/uploads\/2024\/06\/Screen-Shot-2024-06-24-at-9.37.21-PM-768x577.png 768w, https:\/\/itisallmath.org\/wp-content\/uploads\/2024\/06\/Screen-Shot-2024-06-24-at-9.37.21-PM-1536x1154.png 1536w, https:\/\/itisallmath.org\/wp-content\/uploads\/2024\/06\/Screen-Shot-2024-06-24-at-9.37.21-PM-2048x1538.png 2048w\" sizes=\"auto, (max-width: 1024px) 100vw, 1024px\" \/><\/figure>\n<\/div>\n<\/div><\/div>\n\n\n\n<div class=\"wp-block-uagb-container uagb-block-c3d5f52b alignfull uagb-is-root-container\"><div class=\"uagb-container-inner-blocks-wrap\">\n<div class=\"wp-block-uagb-container uagb-block-3bafcfb7\">\n<figure class=\"wp-block-image size-large\"><a href=\"http:\/\/itisallmath.org\/es\/web-apps\/SUMA-DECIMALES\/index.html\/\" target=\"_blank\" rel=\" noreferrer noopener\"><img loading=\"lazy\" decoding=\"async\" width=\"1024\" height=\"1014\" src=\"https:\/\/itisallmath.org\/wp-content\/uploads\/2025\/09\/SumaDecimales-1024x1014.jpg\" alt=\"Link to a web app\" class=\"wp-image-1430\" srcset=\"https:\/\/itisallmath.org\/wp-content\/uploads\/2025\/09\/SumaDecimales-1024x1014.jpg 1024w, https:\/\/itisallmath.org\/wp-content\/uploads\/2025\/09\/SumaDecimales-300x297.jpg 300w, https:\/\/itisallmath.org\/wp-content\/uploads\/2025\/09\/SumaDecimales-150x150.jpg 150w, https:\/\/itisallmath.org\/wp-content\/uploads\/2025\/09\/SumaDecimales-768x760.jpg 768w, https:\/\/itisallmath.org\/wp-content\/uploads\/2025\/09\/SumaDecimales-1536x1521.jpg 1536w, https:\/\/itisallmath.org\/wp-content\/uploads\/2025\/09\/SumaDecimales-12x12.jpg 12w, https:\/\/itisallmath.org\/wp-content\/uploads\/2025\/09\/SumaDecimales-600x594.jpg 600w, https:\/\/itisallmath.org\/wp-content\/uploads\/2025\/09\/SumaDecimales-100x100.jpg 100w, https:\/\/itisallmath.org\/wp-content\/uploads\/2025\/09\/SumaDecimales.jpg 1806w\" sizes=\"auto, (max-width: 1024px) 100vw, 1024px\" \/><\/a><\/figure>\n<\/div>\n\n\n\n<div class=\"wp-block-uagb-container uagb-block-4477d961\">\n<div class=\"wp-block-uagb-info-box uagb-block-9a721d8d uagb-infobox__content-wrap  uagb-infobox-icon-above-title uagb-infobox-image-valign-top\"><div class=\"uagb-ifb-content\"><div class=\"uagb-ifb-title-wrap\"><h3 class=\"uagb-ifb-title\">\u00c1baco Digital<\/h3><\/div><p class=\"uagb-ifb-desc\">Click on this interactive Web App that will helps user learn basic concepts about the decimal and binary numeric systems. It is still in development!<\/p><\/div><\/div>\n<\/div>\n<\/div><\/div>\n\n\n\n<div class=\"wp-block-uagb-container uagb-block-ac1f861f alignfull uagb-is-root-container\"><div class=\"uagb-container-inner-blocks-wrap\">\n<div class=\"wp-block-uagb-container uagb-block-f1150f88\">\n<div class=\"wp-block-uagb-info-box uagb-block-69562def uagb-infobox__content-wrap  uagb-infobox-icon-above-title uagb-infobox-image-valign-top wp-block-uagb-info-box--has-margin\"><div class=\"uagb-infobox-margin-wrapper\"><div class=\"uagb-ifb-content\"><div class=\"uagb-ifb-title-wrap\"><h3 class=\"uagb-ifb-title\"><a href=\"https:\/\/www.google.com\/url?sa=t&amp;source=web&amp;rct=j&amp;opi=89978449&amp;url=https:\/\/books.apple.com\/us\/book\/creating-interactive-epubs-or-web-apps-with-pubcoder\/id6745963957&amp;ved=2ahUKEwiWruLw9eCQAxU8SDABHRR7AMsQFnoECBQQAQ&amp;usg=AOvVaw3rrrAfrijqSr5ESnKXftke\">Creating EPUBs\/Web-Apps with PubCoder<\/a>: Chapter2<\/h3><\/div><p class=\"uagb-ifb-desc\">This eBook is designed as a step-by-step guide to creating interactive ePubs and web applications using PubCoder, a powerful commercial tool for designing multimedia-rich, engaging digital content. Geared toward beginners and intermediate users, the eBook provides both the technical skills and creative insights needed to design and publish interactive eBooks and web apps. Through nine structured chapters, readers will gain hands-on experience with PubCoder, culminating in publishing their projects on major platforms like Google Play and the Apple App Store.<br><br><strong>Other chapters for sale at<\/strong><br><strong>Apple Books<\/strong><br><strong>Rakuten kobo<br><\/strong><br><br><br><\/p><\/div><\/div><\/div>\n<\/div>\n\n\n\n<div class=\"wp-block-uagb-container uagb-block-8e6ae359\">\n<figure class=\"wp-block-image size-large\"><a href=\"https:\/\/itisallmath.org\/web-apps\/ch2\/ch2\/index.html\" target=\"_blank\" rel=\" noreferrer noopener\"><img loading=\"lazy\" decoding=\"async\" width=\"1024\" height=\"765\" src=\"https:\/\/itisallmath.org\/wp-content\/uploads\/2024\/11\/tempImageSsCP0O-1024x765.jpg\" alt=\"\" class=\"wp-image-1357\" srcset=\"https:\/\/itisallmath.org\/wp-content\/uploads\/2024\/11\/tempImageSsCP0O-1024x765.jpg 1024w, https:\/\/itisallmath.org\/wp-content\/uploads\/2024\/11\/tempImageSsCP0O-600x448.jpg 600w, https:\/\/itisallmath.org\/wp-content\/uploads\/2024\/11\/tempImageSsCP0O-300x224.jpg 300w, https:\/\/itisallmath.org\/wp-content\/uploads\/2024\/11\/tempImageSsCP0O-768x574.jpg 768w, https:\/\/itisallmath.org\/wp-content\/uploads\/2024\/11\/tempImageSsCP0O-1536x1147.jpg 1536w, https:\/\/itisallmath.org\/wp-content\/uploads\/2024\/11\/tempImageSsCP0O-2048x1530.jpg 2048w, https:\/\/itisallmath.org\/wp-content\/uploads\/2024\/11\/tempImageSsCP0O-16x12.jpg 16w\" sizes=\"auto, (max-width: 1024px) 100vw, 1024px\" \/><\/a><\/figure>\n<\/div>\n<\/div><\/div>\n\n\n\n<div class=\"wp-block-uagb-container uagb-block-08c23d41 alignfull uagb-is-root-container\"><div class=\"uagb-container-inner-blocks-wrap\">\n<div class=\"wp-block-uagb-container uagb-block-0dcf62a9\">\n<figure class=\"wp-block-image size-large\"><a href=\"https:\/\/itisallmath.org\/web-apps\/Tali10Cumple\/Tali10Cumple\/index.html\" target=\"_blank\" rel=\" noreferrer noopener\"><img loading=\"lazy\" decoding=\"async\" width=\"1024\" height=\"769\" src=\"https:\/\/itisallmath.org\/wp-content\/uploads\/2025\/11\/WebbAppBanner-1024x769.webp\" alt=\"\" class=\"wp-image-1441\" srcset=\"https:\/\/itisallmath.org\/wp-content\/uploads\/2025\/11\/WebbAppBanner-1024x769.webp 1024w, https:\/\/itisallmath.org\/wp-content\/uploads\/2025\/11\/WebbAppBanner-300x225.webp 300w, https:\/\/itisallmath.org\/wp-content\/uploads\/2025\/11\/WebbAppBanner-768x577.webp 768w, https:\/\/itisallmath.org\/wp-content\/uploads\/2025\/11\/WebbAppBanner-1536x1153.webp 1536w, https:\/\/itisallmath.org\/wp-content\/uploads\/2025\/11\/WebbAppBanner-2048x1538.webp 2048w, https:\/\/itisallmath.org\/wp-content\/uploads\/2025\/11\/WebbAppBanner-16x12.webp 16w, https:\/\/itisallmath.org\/wp-content\/uploads\/2025\/11\/WebbAppBanner-600x451.webp 600w\" sizes=\"auto, (max-width: 1024px) 100vw, 1024px\" \/><\/a><\/figure>\n<\/div>\n\n\n\n<div class=\"wp-block-uagb-container uagb-block-f4611ba3\">\n<div class=\"wp-block-uagb-info-box uagb-block-c8518669 uagb-infobox__content-wrap  uagb-infobox-icon-above-title uagb-infobox-image-valign-top\"><div class=\"uagb-ifb-content\"><div class=\"uagb-ifb-title-wrap\"><h3 class=\"uagb-ifb-title\">Tarjeta de Cumplea\u00f1os<\/h3><\/div><p class=\"uagb-ifb-desc\">Minilibro-Tarjeta de cumplea\u00f1os interactiva. Fiesta animada con torta, globos y canci\u00f3n de cumplea\u00f1os. Dedicatoria al homenajeado con verso le\u00eddo en un fondo estrellado con constelaci\u00f3n animada. Al final una imagen  que al pulsarla se rompe en piezas de rompecabezas aparece armer de nuevo.<br><br>Precio COP 50.000 <\/p><\/div><\/div>\n<\/div>\n<\/div><\/div>\n\n\n\n<p><\/p>","protected":false},"excerpt":{"rendered":"<p>Interactive EPUBs and Web Apps Created with PubCoder<\/p>","protected":false},"author":1,"featured_media":0,"parent":0,"menu_order":0,"comment_status":"closed","ping_status":"closed","template":"","meta":{"_uag_custom_page_level_css":"","_monsterinsights_skip_tracking":false,"_monsterinsights_sitenote_active":false,"_monsterinsights_sitenote_note":"","_monsterinsights_sitenote_category":0,"site-sidebar-layout":"default","site-content-layout":"","ast-site-content-layout":"default","site-content-style":"default","site-sidebar-style":"default","ast-global-header-display":"","ast-banner-title-visibility":"","ast-main-header-display":"","ast-hfb-above-header-display":"","ast-hfb-below-header-display":"","ast-hfb-mobile-header-display":"","site-post-title":"disabled","ast-breadcrumbs-content":"","ast-featured-img":"","footer-sml-layout":"","theme-transparent-header-meta":"","adv-header-id-meta":"","stick-header-meta":"","header-above-stick-meta":"","header-main-stick-meta":"","header-below-stick-meta":"","astra-migrate-meta-layouts":"set","ast-page-background-enabled":"default","ast-page-background-meta":{"desktop":{"background-color":"","background-image":"","background-repeat":"repeat","background-position":"center center","background-size":"auto","background-attachment":"scroll","background-type":"","background-media":"","overlay-type":"","overlay-color":"","overlay-opacity":"","overlay-gradient":""},"tablet":{"background-color":"","background-image":"","background-repeat":"repeat","background-position":"center center","background-size":"auto","background-attachment":"scroll","background-type":"","background-media":"","overlay-type":"","overlay-color":"","overlay-opacity":"","overlay-gradient":""},"mobile":{"background-color":"","background-image":"","background-repeat":"repeat","background-position":"center center","background-size":"auto","background-attachment":"scroll","background-type":"","background-media":"","overlay-type":"","overlay-color":"","overlay-opacity":"","overlay-gradient":""}},"ast-content-background-meta":{"desktop":{"background-color":"var(--ast-global-color-5)","background-image":"","background-repeat":"repeat","background-position":"center center","background-size":"auto","background-attachment":"scroll","background-type":"","background-media":"","overlay-type":"","overlay-color":"","overlay-opacity":"","overlay-gradient":""},"tablet":{"background-color":"var(--ast-global-color-5)","background-image":"","background-repeat":"repeat","background-position":"center center","background-size":"auto","background-attachment":"scroll","background-type":"","background-media":"","overlay-type":"","overlay-color":"","overlay-opacity":"","overlay-gradient":""},"mobile":{"background-color":"var(--ast-global-color-5)","background-image":"","background-repeat":"repeat","background-position":"center center","background-size":"auto","background-attachment":"scroll","background-type":"","background-media":"","overlay-type":"","overlay-color":"","overlay-opacity":"","overlay-gradient":""}},"footnotes":""},"class_list":["post-934","page","type-page","status-publish","hentry"],"aioseo_notices":[],"uagb_featured_image_src":{"full":false,"thumbnail":false,"medium":false,"medium_large":false,"large":false,"1536x1536":false,"2048x2048":false,"trp-custom-language-flag":false,"woocommerce_thumbnail":false,"woocommerce_single":false,"woocommerce_gallery_thumbnail":false},"uagb_author_info":{"display_name":"carroyav02@gmail.com","author_link":"https:\/\/itisallmath.org\/es\/author\/carroyav02gmail-com\/"},"uagb_comment_info":0,"uagb_excerpt":"Interactive EPUBs and Web Apps Created with PubCoder","_links":{"self":[{"href":"https:\/\/itisallmath.org\/es\/wp-json\/wp\/v2\/pages\/934","targetHints":{"allow":["GET"]}}],"collection":[{"href":"https:\/\/itisallmath.org\/es\/wp-json\/wp\/v2\/pages"}],"about":[{"href":"https:\/\/itisallmath.org\/es\/wp-json\/wp\/v2\/types\/page"}],"author":[{"embeddable":true,"href":"https:\/\/itisallmath.org\/es\/wp-json\/wp\/v2\/users\/1"}],"replies":[{"embeddable":true,"href":"https:\/\/itisallmath.org\/es\/wp-json\/wp\/v2\/comments?post=934"}],"version-history":[{"count":83,"href":"https:\/\/itisallmath.org\/es\/wp-json\/wp\/v2\/pages\/934\/revisions"}],"predecessor-version":[{"id":1459,"href":"https:\/\/itisallmath.org\/es\/wp-json\/wp\/v2\/pages\/934\/revisions\/1459"}],"wp:attachment":[{"href":"https:\/\/itisallmath.org\/es\/wp-json\/wp\/v2\/media?parent=934"}],"curies":[{"name":"wp","href":"https:\/\/api.w.org\/{rel}","templated":true}]}}