{"id":828,"date":"2024-06-27T01:55:43","date_gmt":"2024-06-27T01:55:43","guid":{"rendered":"https:\/\/itisallmath.org\/?page_id=828"},"modified":"2025-09-17T01:54:46","modified_gmt":"2025-09-17T01:54:46","slug":"epubs-and-web-apps-created-with-pubcoder","status":"publish","type":"page","link":"https:\/\/itisallmath.org\/es\/epubs-and-web-apps-created-with-pubcoder\/","title":{"rendered":"Build Awesome Epubs and Web Apps with Pubcoder"},"content":{"rendered":"<div class=\"wp-block-uagb-container uagb-block-96ddca56 alignfull uagb-is-root-container\"><div class=\"uagb-container-inner-blocks-wrap\">\n<div class=\"wp-block-uagb-advanced-heading uagb-block-8ca8d3e7\"><h1 class=\"uagb-heading-text\">Build Awesome Epubs and Web Apps with PubCoder<\/h1><\/div>\n<\/div><\/div>\n\n\n\n<div class=\"wp-block-uagb-container uagb-block-4a9d8cd4 alignfull uagb-is-root-container\"><div class=\"uagb-container-inner-blocks-wrap\">\n<div class=\"wp-block-uagb-advanced-heading uagb-block-cb0b2c41\"><h2 class=\"uagb-heading-text\">\u00bfQu\u00e9 vas a aprender?<\/h2><\/div>\n\n\n\n<div class=\"wp-block-uagb-icon-list uagb-block-7e3aaed1\"><div class=\"uagb-icon-list__wrap\">\n<div class=\"wp-block-uagb-icon-list-child uagb-block-e167820d\"><span class=\"uagb-icon-list__source-wrap\"><svg xmlns=\"https:\/\/www.w3.org\/2000\/svg\" viewbox=\"0 0 512 512\"><path d=\"M512 256C512 397.4 397.4 512 256 512C114.6 512 0 397.4 0 256C0 114.6 114.6 0 256 0C397.4 0 512 114.6 512 256z\"><\/path><\/svg><\/span><span class=\"uagb-icon-list__label\">Describir cronol\u00f3gicamente el desarrollo del libro impreso.<\/span><\/div>\n\n\n\n<div class=\"wp-block-uagb-icon-list-child uagb-block-e82c121e\"><span class=\"uagb-icon-list__source-wrap\"><svg xmlns=\"https:\/\/www.w3.org\/2000\/svg\" viewbox=\"0 0 512 512\"><path d=\"M512 256C512 397.4 397.4 512 256 512C114.6 512 0 397.4 0 256C0 114.6 114.6 0 256 0C397.4 0 512 114.6 512 256z\"><\/path><\/svg><\/span><span class=\"uagb-icon-list__label\">Nombrar y describir los principales componentes f\u00edsicos de un libro impreso.<\/span><\/div>\n\n\n\n<div class=\"wp-block-uagb-icon-list-child uagb-block-5e939ee8\"><span class=\"uagb-icon-list__source-wrap\"><svg xmlns=\"https:\/\/www.w3.org\/2000\/svg\" viewbox=\"0 0 512 512\"><path d=\"M512 256C512 397.4 397.4 512 256 512C114.6 512 0 397.4 0 256C0 114.6 114.6 0 256 0C397.4 0 512 114.6 512 256z\"><\/path><\/svg><\/span><span class=\"uagb-icon-list__label\">Nombrar y describir las parted el contenido de un libro impreso.<\/span><\/div>\n\n\n\n<div class=\"wp-block-uagb-icon-list-child uagb-block-c157429a\"><span class=\"uagb-icon-list__source-wrap\"><svg xmlns=\"https:\/\/www.w3.org\/2000\/svg\" viewbox=\"0 0 512 512\"><path d=\"M512 256C512 397.4 397.4 512 256 512C114.6 512 0 397.4 0 256C0 114.6 114.6 0 256 0C397.4 0 512 114.6 512 256z\"><\/path><\/svg><\/span><span class=\"uagb-icon-list__label\">Comparar los costos de lala creaci\u00f3n y publicaci\u00f3n de un libro impreso y un libro electr\u00f3nico. <\/span><\/div>\n\n\n\n<div class=\"wp-block-uagb-icon-list-child uagb-block-b24b7533\"><span class=\"uagb-icon-list__source-wrap\"><svg xmlns=\"https:\/\/www.w3.org\/2000\/svg\" viewbox=\"0 0 512 512\"><path d=\"M512 256C512 397.4 397.4 512 256 512C114.6 512 0 397.4 0 256C0 114.6 114.6 0 256 0C397.4 0 512 114.6 512 256z\"><\/path><\/svg><\/span><span class=\"uagb-icon-list__label\">Comparar los costos de lala creaci\u00f3n y publicaci\u00f3n de un libro impreso y un libro electr\u00f3nico. <\/span><\/div>\n\n\n\n<div class=\"wp-block-uagb-icon-list-child uagb-block-80577c50\"><span class=\"uagb-icon-list__source-wrap\"><svg xmlns=\"https:\/\/www.w3.org\/2000\/svg\" viewbox=\"0 0 512 512\"><path d=\"M512 256C512 397.4 397.4 512 256 512C114.6 512 0 397.4 0 256C0 114.6 114.6 0 256 0C397.4 0 512 114.6 512 256z\"><\/path><\/svg><\/span><span class=\"uagb-icon-list__label\">Diferenciar los diferentes tipos de libros electr\u00f3nicos. <\/span><\/div>\n\n\n\n<div class=\"wp-block-uagb-icon-list-child uagb-block-839c1aa2\"><span class=\"uagb-icon-list__source-wrap\"><svg xmlns=\"https:\/\/www.w3.org\/2000\/svg\" viewbox=\"0 0 512 512\"><path d=\"M512 256C512 397.4 397.4 512 256 512C114.6 512 0 397.4 0 256C0 114.6 114.6 0 256 0C397.4 0 512 114.6 512 256z\"><\/path><\/svg><\/span><span class=\"uagb-icon-list__label\">Describir la estructuradme un epub. <\/span><\/div>\n\n\n\n<div class=\"wp-block-uagb-icon-list-child uagb-block-ba4a54df\"><span class=\"uagb-icon-list__source-wrap\"><svg xmlns=\"https:\/\/www.w3.org\/2000\/svg\" viewbox=\"0 0 512 512\"><path d=\"M512 256C512 397.4 397.4 512 256 512C114.6 512 0 397.4 0 256C0 114.6 114.6 0 256 0C397.4 0 512 114.6 512 256z\"><\/path><\/svg><\/span><span class=\"uagb-icon-list__label\">Describir la estructura y los tipos de epubs. <\/span><\/div>\n\n\n\n<div class=\"wp-block-uagb-icon-list-child uagb-block-9ad1390a\"><span class=\"uagb-icon-list__source-wrap\"><svg xmlns=\"https:\/\/www.w3.org\/2000\/svg\" viewbox=\"0 0 512 512\"><path d=\"M512 256C512 397.4 397.4 512 256 512C114.6 512 0 397.4 0 256C0 114.6 114.6 0 256 0C397.4 0 512 114.6 512 256z\"><\/path><\/svg><\/span><span class=\"uagb-icon-list__label\">Utilizar los elementos b\u00e1sicos de HTML5 y CSS. <\/span><\/div>\n\n\n\n<div class=\"wp-block-uagb-icon-list-child uagb-block-272c1611\"><span class=\"uagb-icon-list__source-wrap\"><svg xmlns=\"https:\/\/www.w3.org\/2000\/svg\" viewbox=\"0 0 512 512\"><path d=\"M512 256C512 397.4 397.4 512 256 512C114.6 512 0 397.4 0 256C0 114.6 114.6 0 256 0C397.4 0 512 114.6 512 256z\"><\/path><\/svg><\/span><span class=\"uagb-icon-list__label\">Utilizar a PubCoder. <\/span><\/div>\n\n\n\n<div class=\"wp-block-uagb-icon-list-child uagb-block-9af10d9c\"><span class=\"uagb-icon-list__source-wrap\"><svg xmlns=\"https:\/\/www.w3.org\/2000\/svg\" viewbox=\"0 0 512 512\"><path d=\"M512 256C512 397.4 397.4 512 256 512C114.6 512 0 397.4 0 256C0 114.6 114.6 0 256 0C397.4 0 512 114.6 512 256z\"><\/path><\/svg><\/span><span class=\"uagb-icon-list__label\">Crear el<strong> <\/strong>el epub El Zool\u00f3gico Ejemplo. <\/span><\/div>\n\n\n\n<div class=\"wp-block-uagb-icon-list-child uagb-block-ef30554e\"><span class=\"uagb-icon-list__source-wrap\"><svg xmlns=\"https:\/\/www.w3.org\/2000\/svg\" viewbox=\"0 0 512 512\"><path d=\"M512 256C512 397.4 397.4 512 256 512C114.6 512 0 397.4 0 256C0 114.6 114.6 0 256 0C397.4 0 512 114.6 512 256z\"><\/path><\/svg><\/span><span class=\"uagb-icon-list__label\">Exportar el <strong> <\/strong>El zool\u00f3gico Ejemplo, en diferentes formatos. <\/span><\/div>\n<\/div><\/div>\n<\/div><\/div>\n\n\n\n<div class=\"wp-block-uagb-container uagb-block-8aaa1f4b alignfull uagb-is-root-container\"><div class=\"uagb-container-inner-blocks-wrap\">\n<div class=\"wp-block-uagb-advanced-heading uagb-block-5cdd797d\"><h2 class=\"uagb-heading-text\">Contenido<\/h2><\/div>\n<\/div><\/div>\n\n\n\n<hr class=\"wp-block-separator has-alpha-channel-opacity is-style-wide\"\/>\n\n\n\n<div class=\"wp-block-uagb-container uagb-block-f403cacc alignfull uagb-is-root-container\"><div class=\"uagb-container-inner-blocks-wrap\">\n<div class=\"wp-block-uagb-container uagb-block-77b15994\">\n<h4 class=\"wp-block-heading\">Cap\u00edtulo 1. \u00bfQu\u00e9 es un libro impreso?<\/h4>\n\n\n\n<ul class=\"wp-block-list\">\n<li>Breve historia del libro impreso.<\/li>\n\n\n\n<li>Anatom\u00eda del libro impreso.<\/li>\n\n\n\n<li>Costos de publicaci\u00f3n de un libro impreso.<\/li>\n<\/ul>\n<\/div>\n\n\n\n<figure class=\"wp-block-uagb-container uagb-layout-flex uagb-block-6ae9ad8a\">\n<figure class=\"wp-block-image size-large is-resized has-custom-border\"><img loading=\"lazy\" decoding=\"async\" width=\"800\" height=\"1067\" src=\"https:\/\/itisallmath.org\/wp-content\/uploads\/2024\/06\/Cover2_ReadingA_PrinetdBook-2-edited.jpeg\" alt=\"Reading a book\" class=\"wp-image-851\" style=\"border-style:none;border-width:0px;width:189px;height:auto\" srcset=\"https:\/\/itisallmath.org\/wp-content\/uploads\/2024\/06\/Cover2_ReadingA_PrinetdBook-2-edited.jpeg 800w, https:\/\/itisallmath.org\/wp-content\/uploads\/2024\/06\/Cover2_ReadingA_PrinetdBook-2-edited-600x800.jpeg 600w, https:\/\/itisallmath.org\/wp-content\/uploads\/2024\/06\/Cover2_ReadingA_PrinetdBook-2-edited-225x300.jpeg 225w, https:\/\/itisallmath.org\/wp-content\/uploads\/2024\/06\/Cover2_ReadingA_PrinetdBook-2-edited-768x1024.jpeg 768w\" sizes=\"auto, (max-width: 800px) 100vw, 800px\" \/><\/figure>\n<\/figure>\n<\/div><\/div>\n\n\n\n<div class=\"wp-block-uagb-container uagb-block-a177aff4 alignfull uagb-is-root-container\"><div class=\"uagb-container-inner-blocks-wrap\">\n<div class=\"wp-block-uagb-container uagb-block-4f6f9bd0\">\n<h4 class=\"wp-block-heading\">Cap\u00edtulo 2. \u00bfQu\u00e9 es un ebook interactivo?<\/h4>\n\n\n\n<ul class=\"wp-block-list\">\n<li>Libros electr\u00f3nicos (ebooks).<\/li>\n\n\n\n<li>Epubs con maquetaci\u00f3n fluida.<\/li>\n\n\n\n<li>Epubs con maquetaci\u00f3n fija.<\/li>\n<\/ul>\n<\/div>\n\n\n\n<div class=\"wp-block-uagb-container uagb-block-9d1590d4\">\n<figure class=\"wp-block-image aligncenter size-large is-resized\"><img loading=\"lazy\" decoding=\"async\" width=\"1024\" height=\"683\" src=\"https:\/\/itisallmath.org\/wp-content\/uploads\/2024\/06\/iPad-1024x683.jpg\" alt=\"Child reading a desktop\" class=\"wp-image-853\" style=\"width:250px;height:auto\" srcset=\"https:\/\/itisallmath.org\/wp-content\/uploads\/2024\/06\/iPad-1024x683.jpg 1024w, https:\/\/itisallmath.org\/wp-content\/uploads\/2024\/06\/iPad-scaled-600x400.jpg 600w, https:\/\/itisallmath.org\/wp-content\/uploads\/2024\/06\/iPad-300x200.jpg 300w, https:\/\/itisallmath.org\/wp-content\/uploads\/2024\/06\/iPad-768x512.jpg 768w, https:\/\/itisallmath.org\/wp-content\/uploads\/2024\/06\/iPad-1536x1024.jpg 1536w, https:\/\/itisallmath.org\/wp-content\/uploads\/2024\/06\/iPad-2048x1365.jpg 2048w\" sizes=\"auto, (max-width: 1024px) 100vw, 1024px\" \/><\/figure>\n<\/div>\n<\/div><\/div>\n\n\n\n<div class=\"wp-block-uagb-container uagb-block-5a1a7f96 alignfull uagb-is-root-container\"><div class=\"uagb-container-inner-blocks-wrap\">\n<div class=\"wp-block-uagb-container uagb-block-11124e81\">\n<h4 class=\"wp-block-heading\">Cap\u00edtulo 3. Estructura del los Epubs<\/h4>\n\n\n\n<ul class=\"wp-block-list\">\n<li>Epubs vs. Ebooks.<\/li>\n\n\n\n<li>Estructura de los EPUBs.<\/li>\n<\/ul>\n<\/div>\n\n\n\n<div class=\"wp-block-uagb-container uagb-layout-flex uagb-block-126e5730\">\n<figure class=\"wp-block-image aligncenter size-large is-resized\"><img loading=\"lazy\" decoding=\"async\" width=\"1024\" height=\"1024\" src=\"https:\/\/itisallmath.org\/wp-content\/uploads\/2024\/06\/323_Cover2_ePubStructrureTree-1024x1024.png\" alt=\"\" class=\"wp-image-855\" style=\"width:169px;height:auto\" srcset=\"https:\/\/itisallmath.org\/wp-content\/uploads\/2024\/06\/323_Cover2_ePubStructrureTree-1024x1024.png 1024w, https:\/\/itisallmath.org\/wp-content\/uploads\/2024\/06\/323_Cover2_ePubStructrureTree-300x300.png 300w, https:\/\/itisallmath.org\/wp-content\/uploads\/2024\/06\/323_Cover2_ePubStructrureTree-100x100.png 100w, https:\/\/itisallmath.org\/wp-content\/uploads\/2024\/06\/323_Cover2_ePubStructrureTree-600x600.png 600w, https:\/\/itisallmath.org\/wp-content\/uploads\/2024\/06\/323_Cover2_ePubStructrureTree-150x150.png 150w, https:\/\/itisallmath.org\/wp-content\/uploads\/2024\/06\/323_Cover2_ePubStructrureTree-768x768.png 768w, https:\/\/itisallmath.org\/wp-content\/uploads\/2024\/06\/323_Cover2_ePubStructrureTree-1536x1536.png 1536w, https:\/\/itisallmath.org\/wp-content\/uploads\/2024\/06\/323_Cover2_ePubStructrureTree-2048x2048.png 2048w\" sizes=\"auto, (max-width: 1024px) 100vw, 1024px\" \/><\/figure>\n<\/div>\n<\/div><\/div>\n\n\n\n<div class=\"wp-block-uagb-container uagb-block-98f538e5 alignfull uagb-is-root-container\"><div class=\"uagb-container-inner-blocks-wrap\">\n<div class=\"wp-block-uagb-container uagb-block-704dd088\">\n<h4 class=\"wp-block-heading\">Cap\u00edtulo 4. HTML5 y CSS<\/h4>\n\n\n\n<ul class=\"wp-block-list\">\n<li>Introducci\u00f3n.<\/li>\n\n\n\n<li>\u00bfQu\u00e9 es HTML5?<\/li>\n\n\n\n<li>\u00bfQu\u00e9 es CSS?<\/li>\n<\/ul>\n<\/div>\n\n\n\n<div class=\"wp-block-uagb-container uagb-layout-flex uagb-block-be7d3b47\">\n<figure class=\"wp-block-image aligncenter size-large is-resized\"><img loading=\"lazy\" decoding=\"async\" width=\"1024\" height=\"274\" src=\"https:\/\/itisallmath.org\/wp-content\/uploads\/2024\/06\/html-css-js-1024x274.png\" alt=\"\" class=\"wp-image-856\" style=\"width:475px;height:auto\" srcset=\"https:\/\/itisallmath.org\/wp-content\/uploads\/2024\/06\/html-css-js-1024x274.png 1024w, https:\/\/itisallmath.org\/wp-content\/uploads\/2024\/06\/html-css-js-600x161.png 600w, https:\/\/itisallmath.org\/wp-content\/uploads\/2024\/06\/html-css-js-300x80.png 300w, https:\/\/itisallmath.org\/wp-content\/uploads\/2024\/06\/html-css-js-768x206.png 768w, https:\/\/itisallmath.org\/wp-content\/uploads\/2024\/06\/html-css-js.png 1502w\" sizes=\"auto, (max-width: 1024px) 100vw, 1024px\" \/><\/figure>\n<\/div>\n<\/div><\/div>\n\n\n\n<div class=\"wp-block-uagb-container uagb-block-1d765bbe alignfull uagb-is-root-container\"><div class=\"uagb-container-inner-blocks-wrap\">\n<div class=\"wp-block-uagb-container uagb-block-8608621f\">\n<h4 class=\"wp-block-heading\">Cap\u00edtulo 5. PubCoder Lo B\u00e1sico<\/h4>\n\n\n\n<ul class=\"wp-block-list\">\n<li>Introducci\u00f3n.<\/li>\n\n\n\n<li>Instalaci\u00f3n.<\/li>\n\n\n\n<li>Interfaz de la Aplicaci\u00f3n. Ejemplos.<\/li>\n<\/ul>\n<\/div>\n\n\n\n<div class=\"wp-block-uagb-container uagb-block-40aa6e70\">\n<figure class=\"wp-block-image aligncenter size-full is-resized\"><img loading=\"lazy\" decoding=\"async\" width=\"652\" height=\"965\" src=\"https:\/\/itisallmath.org\/wp-content\/uploads\/2024\/06\/ch4Cover2.webp\" alt=\"\" class=\"wp-image-857\" style=\"width:169px;height:auto\" srcset=\"https:\/\/itisallmath.org\/wp-content\/uploads\/2024\/06\/ch4Cover2.webp 652w, https:\/\/itisallmath.org\/wp-content\/uploads\/2024\/06\/ch4Cover2-600x888.webp 600w, https:\/\/itisallmath.org\/wp-content\/uploads\/2024\/06\/ch4Cover2-203x300.webp 203w\" sizes=\"auto, (max-width: 652px) 100vw, 652px\" \/><\/figure>\n<\/div>\n<\/div><\/div>\n\n\n\n<div class=\"wp-block-uagb-container uagb-block-0b480e8d alignfull uagb-is-root-container\"><div class=\"uagb-container-inner-blocks-wrap\">\n<div class=\"wp-block-uagb-container uagb-block-c822b17c\">\n<h4 class=\"wp-block-heading\">Cap\u00edtulo 6. Creaci\u00f3n del Epub<\/h4>\n\n\n\n<ul class=\"wp-block-list\">\n<li>Introducci\u00f3n.<\/li>\n\n\n\n<li>La construcci\u00f3n de la P\u00e1gina del T\u00edtulo.<\/li>\n\n\n\n<li>La construcci\u00f3n de la P\u00e1gina de los derechos de Autor.<\/li>\n\n\n\n<li>Construcci\u00f3n de la P\u00e1gina3.<\/li>\n\n\n\n<li>Construcci\u00f3n de la P\u00e1gina4.<\/li>\n\n\n\n<li>Construcci\u00f3n de la P\u00e1gina5.<\/li>\n<\/ul>\n<\/div>\n\n\n\n<div class=\"wp-block-uagb-container uagb-block-fe150e32\">\n<figure class=\"wp-block-image aligncenter size-large is-resized\"><img loading=\"lazy\" decoding=\"async\" width=\"1024\" height=\"768\" src=\"https:\/\/itisallmath.org\/wp-content\/uploads\/2024\/06\/zooImageLandscape-1024x768.png\" alt=\"\" class=\"wp-image-858\" style=\"width:239px;height:auto\" srcset=\"https:\/\/itisallmath.org\/wp-content\/uploads\/2024\/06\/zooImageLandscape-1024x768.png 1024w, https:\/\/itisallmath.org\/wp-content\/uploads\/2024\/06\/zooImageLandscape-600x450.png 600w, https:\/\/itisallmath.org\/wp-content\/uploads\/2024\/06\/zooImageLandscape-300x225.png 300w, https:\/\/itisallmath.org\/wp-content\/uploads\/2024\/06\/zooImageLandscape-768x576.png 768w, https:\/\/itisallmath.org\/wp-content\/uploads\/2024\/06\/zooImageLandscape.png 1366w\" sizes=\"auto, (max-width: 1024px) 100vw, 1024px\" \/><\/figure>\n<\/div>\n<\/div><\/div>\n\n\n\n<div class=\"wp-block-uagb-container uagb-block-13beb0b8 alignfull uagb-is-root-container\"><div class=\"uagb-container-inner-blocks-wrap\">\n<div class=\"wp-block-uagb-container uagb-block-04e8a8ae\">\n<h4 class=\"wp-block-heading\">Cap\u00edtulo 7. Exportando el Proyecto<\/h4>\n\n\n\n<ul style=\"padding-top:0;padding-right:var(--wp--preset--spacing--50);padding-bottom:0;padding-left:var(--wp--preset--spacing--50)\" class=\"wp-block-list\">\n<li>Exportando en formato XPUB.<\/li>\n\n\n\n<li>Exportando en formato EPUB3.<\/li>\n\n\n\n<li>Exportando en formato iOS.<\/li>\n\n\n\n<li>Exportando en formatoAndroid.<\/li>\n\n\n\n<li>Exportando en formato HTML5.<\/li>\n\n\n\n<li>Exportando en formatoKF8.<\/li>\n<\/ul>\n<\/div>\n\n\n\n<div class=\"wp-block-uagb-container uagb-block-d1ebab92\">\n<figure class=\"wp-block-image aligncenter size-full is-resized\"><img loading=\"lazy\" decoding=\"async\" width=\"436\" height=\"882\" src=\"https:\/\/itisallmath.org\/wp-content\/uploads\/2024\/06\/ch6CoveriPhone.png\" alt=\"\" class=\"wp-image-859\" style=\"width:169px;height:auto\" srcset=\"https:\/\/itisallmath.org\/wp-content\/uploads\/2024\/06\/ch6CoveriPhone.png 436w, https:\/\/itisallmath.org\/wp-content\/uploads\/2024\/06\/ch6CoveriPhone-148x300.png 148w\" sizes=\"auto, (max-width: 436px) 100vw, 436px\" \/><\/figure>\n<\/div>\n<\/div><\/div>\n\n\n\n<div class=\"wp-block-uagb-container uagb-block-933254f6 alignfull uagb-is-root-container\"><div class=\"uagb-container-inner-blocks-wrap\">\n<div class=\"wp-block-uagb-container uagb-block-4bac714d\">\n<h4 class=\"wp-block-heading\">Cap\u00edtulo 8. Exportando una aplicaci\u00f3n web iOS<\/h4>\n\n\n\n<ul class=\"wp-block-list\">\n<li>Requisitos<\/li>\n\n\n\n<li><\/li>\n<\/ul>\n<\/div>\n\n\n\n<div class=\"wp-block-uagb-container uagb-block-b1969009\">\n<figure class=\"wp-block-image aligncenter size-large is-resized\"><img loading=\"lazy\" decoding=\"async\" width=\"652\" height=\"1024\" src=\"https:\/\/itisallmath.org\/wp-content\/uploads\/2024\/06\/PubCoderBookCh8_1-652x1024.png\" alt=\"\" class=\"wp-image-860\" style=\"width:169px;height:auto\" srcset=\"https:\/\/itisallmath.org\/wp-content\/uploads\/2024\/06\/PubCoderBookCh8_1-652x1024.png 652w, https:\/\/itisallmath.org\/wp-content\/uploads\/2024\/06\/PubCoderBookCh8_1-600x942.png 600w, https:\/\/itisallmath.org\/wp-content\/uploads\/2024\/06\/PubCoderBookCh8_1-191x300.png 191w, https:\/\/itisallmath.org\/wp-content\/uploads\/2024\/06\/PubCoderBookCh8_1-768x1206.png 768w, https:\/\/itisallmath.org\/wp-content\/uploads\/2024\/06\/PubCoderBookCh8_1-978x1536.png 978w, https:\/\/itisallmath.org\/wp-content\/uploads\/2024\/06\/PubCoderBookCh8_1.png 1304w\" sizes=\"auto, (max-width: 652px) 100vw, 652px\" \/><\/figure>\n<\/div>\n<\/div><\/div>\n\n\n\n<div class=\"wp-block-uagb-container uagb-block-c4b0520a alignfull uagb-is-root-container\"><div class=\"uagb-container-inner-blocks-wrap\">\n<div class=\"wp-block-uagb-container uagb-block-c2d31397\">\n<h4 class=\"wp-block-heading\">Cap\u00edtulo 9. Exportando una aplicaci\u00f3n web Android.<\/h4>\n\n\n\n<ul class=\"wp-block-list\">\n<li>Requisitos<\/li>\n\n\n\n<li><\/li>\n<\/ul>\n<\/div>\n\n\n\n<div class=\"wp-block-uagb-container uagb-block-39105329\">\n<figure class=\"wp-block-image aligncenter size-full is-resized\"><img loading=\"lazy\" decoding=\"async\" width=\"652\" height=\"965\" src=\"https:\/\/itisallmath.org\/wp-content\/uploads\/2024\/06\/Chapter9_2banner.webp\" alt=\"\" class=\"wp-image-861\" style=\"width:169px;height:auto\" srcset=\"https:\/\/itisallmath.org\/wp-content\/uploads\/2024\/06\/Chapter9_2banner.webp 652w, https:\/\/itisallmath.org\/wp-content\/uploads\/2024\/06\/Chapter9_2banner-600x888.webp 600w, https:\/\/itisallmath.org\/wp-content\/uploads\/2024\/06\/Chapter9_2banner-203x300.webp 203w\" sizes=\"auto, (max-width: 652px) 100vw, 652px\" \/><\/figure>\n<\/div>\n<\/div><\/div>\n\n\n\n<div class=\"wp-block-uagb-container uagb-block-6af4c52a alignfull uagb-is-root-container\"><div class=\"uagb-container-inner-blocks-wrap\"><\/div><\/div>\n\n\n\n<p><\/p>","protected":false},"excerpt":{"rendered":"<p>Build Awesome Epubs and Web Apps with PubCoder What are you going to learn? Content Chapter 1. What is a printed book? Chapter 2. What is an interactive ebook? Chapter 3. Epub Structure Chapter 4. HTML5 and CSS Chapter 5. PubCoder Basics Chapter 6. Epub Creation Chapter 7. Exporting the Project Chapter 8. Exporting and [&hellip;]<\/p>","protected":false},"author":1,"featured_media":0,"parent":0,"menu_order":0,"comment_status":"closed","ping_status":"closed","template":"","meta":{"_uag_custom_page_level_css":"","_monsterinsights_skip_tracking":false,"_monsterinsights_sitenote_active":false,"_monsterinsights_sitenote_note":"","_monsterinsights_sitenote_category":0,"site-sidebar-layout":"default","site-content-layout":"","ast-site-content-layout":"default","site-content-style":"default","site-sidebar-style":"default","ast-global-header-display":"","ast-banner-title-visibility":"","ast-main-header-display":"","ast-hfb-above-header-display":"","ast-hfb-below-header-display":"","ast-hfb-mobile-header-display":"","site-post-title":"","ast-breadcrumbs-content":"","ast-featured-img":"","footer-sml-layout":"","theme-transparent-header-meta":"","adv-header-id-meta":"","stick-header-meta":"","header-above-stick-meta":"","header-main-stick-meta":"","header-below-stick-meta":"","astra-migrate-meta-layouts":"set","ast-page-background-enabled":"default","ast-page-background-meta":{"desktop":{"background-color":"","background-image":"","background-repeat":"repeat","background-position":"center center","background-size":"auto","background-attachment":"scroll","background-type":"","background-media":"","overlay-type":"","overlay-color":"","overlay-opacity":"","overlay-gradient":""},"tablet":{"background-color":"","background-image":"","background-repeat":"repeat","background-position":"center center","background-size":"auto","background-attachment":"scroll","background-type":"","background-media":"","overlay-type":"","overlay-color":"","overlay-opacity":"","overlay-gradient":""},"mobile":{"background-color":"","background-image":"","background-repeat":"repeat","background-position":"center center","background-size":"auto","background-attachment":"scroll","background-type":"","background-media":"","overlay-type":"","overlay-color":"","overlay-opacity":"","overlay-gradient":""}},"ast-content-background-meta":{"desktop":{"background-color":"var(--ast-global-color-5)","background-image":"","background-repeat":"repeat","background-position":"center center","background-size":"auto","background-attachment":"scroll","background-type":"","background-media":"","overlay-type":"","overlay-color":"","overlay-opacity":"","overlay-gradient":""},"tablet":{"background-color":"var(--ast-global-color-5)","background-image":"","background-repeat":"repeat","background-position":"center center","background-size":"auto","background-attachment":"scroll","background-type":"","background-media":"","overlay-type":"","overlay-color":"","overlay-opacity":"","overlay-gradient":""},"mobile":{"background-color":"var(--ast-global-color-5)","background-image":"","background-repeat":"repeat","background-position":"center center","background-size":"auto","background-attachment":"scroll","background-type":"","background-media":"","overlay-type":"","overlay-color":"","overlay-opacity":"","overlay-gradient":""}},"footnotes":""},"class_list":["post-828","page","type-page","status-publish","hentry"],"aioseo_notices":[],"uagb_featured_image_src":{"full":false,"thumbnail":false,"medium":false,"medium_large":false,"large":false,"1536x1536":false,"2048x2048":false,"trp-custom-language-flag":false,"woocommerce_thumbnail":false,"woocommerce_single":false,"woocommerce_gallery_thumbnail":false},"uagb_author_info":{"display_name":"carroyav02@gmail.com","author_link":"https:\/\/itisallmath.org\/es\/author\/carroyav02gmail-com\/"},"uagb_comment_info":0,"uagb_excerpt":"Build Awesome Epubs and Web Apps with PubCoder What are you going to learn? Content Chapter 1. What is a printed book? Chapter 2. What is an interactive ebook? Chapter 3. Epub Structure Chapter 4. HTML5 and CSS Chapter 5. PubCoder Basics Chapter 6. Epub Creation Chapter 7. Exporting the Project Chapter 8. Exporting and&hellip;","_links":{"self":[{"href":"https:\/\/itisallmath.org\/es\/wp-json\/wp\/v2\/pages\/828","targetHints":{"allow":["GET"]}}],"collection":[{"href":"https:\/\/itisallmath.org\/es\/wp-json\/wp\/v2\/pages"}],"about":[{"href":"https:\/\/itisallmath.org\/es\/wp-json\/wp\/v2\/types\/page"}],"author":[{"embeddable":true,"href":"https:\/\/itisallmath.org\/es\/wp-json\/wp\/v2\/users\/1"}],"replies":[{"embeddable":true,"href":"https:\/\/itisallmath.org\/es\/wp-json\/wp\/v2\/comments?post=828"}],"version-history":[{"count":21,"href":"https:\/\/itisallmath.org\/es\/wp-json\/wp\/v2\/pages\/828\/revisions"}],"predecessor-version":[{"id":1420,"href":"https:\/\/itisallmath.org\/es\/wp-json\/wp\/v2\/pages\/828\/revisions\/1420"}],"wp:attachment":[{"href":"https:\/\/itisallmath.org\/es\/wp-json\/wp\/v2\/media?parent=828"}],"curies":[{"name":"wp","href":"https:\/\/api.w.org\/{rel}","templated":true}]}}