{"id":135,"date":"2024-06-26T05:16:29","date_gmt":"2024-06-26T05:16:29","guid":{"rendered":"http:\/\/itisallmath.org\/home\/"},"modified":"2025-04-25T02:15:28","modified_gmt":"2025-04-25T02:15:28","slug":"home","status":"publish","type":"page","link":"https:\/\/itisallmath.org\/es\/","title":{"rendered":"Inico"},"content":{"rendered":"<div class=\"wp-block-uagb-container uagb-block-5fe6a32d alignfull uagb-is-root-container\"><div class=\"uagb-container-inner-blocks-wrap\">\n<div class=\"wp-block-uagb-advanced-heading uagb-block-739ef4ec\"><h1 class=\"uagb-heading-text\">Agencia Digital Que Ayuda con su \u00c9xito<\/h1><\/div>\n\n\n\n<div class=\"wp-block-uagb-advanced-heading uagb-block-98e4bfaf\"><p class=\"uagb-desc-text\">Si usted est\u00e1 buscando una agencia para ayudarle a crear notable EPUBs y APLICACIONES WEB , usted ha venido al lugar correcto. Podemos ayudarle a dise\u00f1ar y publicar EPUBs interactivos y WEB APPS que llevaran la educaci\u00f3n a otro nivel.<\/p><\/div>\n<\/div><\/div>\n\n\n\n<div class=\"wp-block-uagb-container uagb-block-9bdda066 alignfull uagb-is-root-container\"><div class=\"uagb-container-inner-blocks-wrap\">\n<div class=\"wp-block-uagb-advanced-heading uagb-block-46591901\"><h2 class=\"uagb-heading-text\">Contr\u00e1tenos para<\/h2><\/div>\n\n\n\n<div class=\"wp-block-uagb-container uagb-layout-grid uagb-block-719b262e alignfull uagb-is-root-container\"><div class=\"uagb-container-inner-blocks-wrap\">\n<div class=\"wp-block-uagb-info-box uagb-block-0a9ff199 uagb-infobox__content-wrap  uagb-infobox-icon-above-title uagb-infobox-image-valign-top wp-block-uagb-info-box--has-margin\"><div class=\"uagb-infobox-margin-wrapper\"><div class=\"uagb-ifb-content\"><div class=\"uagb-ifb-title-wrap\"><h4 class=\"uagb-ifb-title\">Dise\u00f1o de EPUBs \/ Web Apps<\/h4><\/div><p class=\"uagb-ifb-desc\">Nuestra equipo de dise\u00f1o de EPUB \/ Web Apps cuenta con amplios a\u00f1os de experiencia en las \u00e1reas b\u00e1sicas de dise\u00f1o para ayudarle a construir su proyecto.<\/p><\/div><\/div><\/div>\n\n\n\n<div class=\"wp-block-uagb-info-box uagb-block-a50dcc77 uagb-infobox__content-wrap  uagb-infobox-icon-above-title uagb-infobox-image-valign-top\"><div class=\"uagb-ifb-content\"><div class=\"uagb-ifb-title-wrap\"><h4 class=\"uagb-ifb-title\">Publicaci\u00f3n<\/h4><\/div><p class=\"uagb-ifb-desc\">Quire publicar su proyecto? Nuestro equipo le ayudar\u00e1 a conseguir su objetivo.<\/p><\/div><\/div>\n<\/div><\/div>\n<\/div><\/div>\n\n\n\n<div class=\"wp-block-uagb-container uagb-block-e6bc50fc alignfull uagb-is-root-container\"><div class=\"uagb-container-inner-blocks-wrap\">\n<div class=\"wp-block-uagb-container uagb-block-e4ae5ee7\">\n<div class=\"wp-block-uagb-info-box uagb-block-bda84c5e uagb-infobox__content-wrap  uagb-infobox-icon-above-title uagb-infobox-image-valign-top\"><div class=\"uagb-ifb-content\"><div class=\"uagb-ifb-title-wrap\"><h2 class=\"uagb-ifb-title\">Acerca De Nosotros<\/h2><\/div><p class=\"uagb-ifb-desc\">Somos un equipo de expertos con m\u00e1s de 7 a\u00f1os de experiencia en dise\u00f1o y publicaci\u00f3n de EPUBs y Web Apps. Ayudamos a crecer en l\u00ednea.<\/p><\/div><\/div>\n\n\n\n<div class=\"wp-block-uagb-info-box uagb-block-9e7312fd uagb-infobox__content-wrap  uagb-infobox-icon-above-title uagb-infobox-image-valign-top\"><div class=\"uagb-ifb-content\"><div class=\"uagb-ifb-title-wrap\"><h4 class=\"uagb-ifb-title\">La misi\u00f3n.<\/h4><\/div><p class=\"uagb-ifb-desc\">Nuestra misi\u00f3n es capacitar a nuestros clientes para el uso de la internet a su m\u00e1ximo potencial, proporcionando asequible, eficaz, dise\u00f1o personalizado y publicaci\u00f3n de sus proyectos.<\/p><\/div><\/div>\n\n\n\n<div class=\"wp-block-uagb-info-box uagb-block-9b62e515 uagb-infobox__content-wrap  uagb-infobox-icon-above-title uagb-infobox-image-valign-top\"><div class=\"uagb-ifb-content\"><div class=\"uagb-ifb-title-wrap\"><h4 class=\"uagb-ifb-title\">Nuestra visi\u00f3n.<\/h4><\/div><p class=\"uagb-ifb-desc\">Nuestra visi\u00f3n es convertirnos en un l\u00edder mundial en proporcionar los mejores servicios  de dise\u00f1o y publicaci\u00f3n de EPUB \\ Web Apps para mejorar la productividad de nuestros clientes.<\/p><\/div><\/div>\n<\/div>\n\n\n\n<div class=\"wp-block-uagb-container uagb-layout-flex uagb-block-2de3917e\">\n<div class=\"wp-block-uagb-image uagb-block-9fc9987d wp-block-uagb-image--layout-default wp-block-uagb-image--effect-static wp-block-uagb-image--align-none\"><figure class=\"wp-block-uagb-image__figure\"><img decoding=\"async\" srcset=\"https:\/\/itisallmath.org\/wp-content\/uploads\/2021\/05\/about.jpg \" sizes=\"auto, (max-width: 480px) 150px\" src=\"https:\/\/itisallmath.org\/wp-content\/uploads\/2021\/05\/about.jpg\" alt=\"\" class=\"uag-image-47\" width=\"551\" height=\"661\" title=\"\" loading=\"lazy\" role=\"img\"\/><\/figure><\/div>\n<\/div>\n<\/div><\/div>\n\n\n\n<div class=\"wp-block-uagb-container uag-blocks-common-selector uagb-block-ff10cdc8 alignfull uagb-is-root-container\"><div class=\"uagb-container-inner-blocks-wrap\">\n<div class=\"wp-block-uagb-advanced-heading uagb-block-830e6177\"><h2 class=\"uagb-heading-text\">Los clientes con los que hemos trabajado<\/h2><\/div>\n\n\n\n<div class=\"wp-block-uagb-container uagb-block-af8294e0 alignfull uagb-is-root-container\"><div class=\"uagb-container-inner-blocks-wrap\">\n<div class=\"wp-block-uagb-image aligncenter uagb-block-d413d0ef wp-block-uagb-image--layout-default wp-block-uagb-image--effect-static wp-block-uagb-image--align-center\"><figure class=\"wp-block-uagb-image__figure\"><img decoding=\"async\" srcset=\"https:\/\/itisallmath.org\/wp-content\/uploads\/2021\/05\/client-logo-5.png \" sizes=\"auto, (max-width: 480px) 150px\" src=\"https:\/\/itisallmath.org\/wp-content\/uploads\/2021\/05\/client-logo-5.png\" alt=\"\" class=\"uag-image-132\" width=\"140\" height=\"38\" title=\"\" loading=\"lazy\" role=\"img\"\/><\/figure><\/div>\n\n\n\n<div class=\"wp-block-uagb-image aligncenter uagb-block-ff095355 wp-block-uagb-image--layout-default wp-block-uagb-image--effect-static wp-block-uagb-image--align-center\"><figure class=\"wp-block-uagb-image__figure\"><img decoding=\"async\" srcset=\"https:\/\/itisallmath.org\/wp-content\/uploads\/2021\/05\/logo-black.svg \" sizes=\"auto, (max-width: 480px) 150px\" src=\"https:\/\/itisallmath.org\/wp-content\/uploads\/2021\/05\/logo-black.svg\" alt=\"\" class=\"uag-image-133\" width=\"157\" height=\"38\" title=\"\" loading=\"lazy\" role=\"img\"\/><\/figure><\/div>\n\n\n\n<div class=\"wp-block-uagb-image aligncenter uagb-block-beeb5f67 wp-block-uagb-image--layout-default wp-block-uagb-image--effect-static wp-block-uagb-image--align-center\"><figure class=\"wp-block-uagb-image__figure\"><img decoding=\"async\" srcset=\"https:\/\/itisallmath.org\/wp-content\/uploads\/2021\/05\/client-logo-2.png \" sizes=\"auto, (max-width: 480px) 150px\" src=\"https:\/\/itisallmath.org\/wp-content\/uploads\/2021\/05\/client-logo-2.png\" alt=\"\" class=\"uag-image-130\" width=\"119\" height=\"28\" title=\"\" loading=\"lazy\" role=\"img\"\/><\/figure><\/div>\n\n\n\n<div class=\"wp-block-uagb-image aligncenter uagb-block-8eb570c0 wp-block-uagb-image--layout-default wp-block-uagb-image--effect-static wp-block-uagb-image--align-center\"><figure class=\"wp-block-uagb-image__figure\"><img decoding=\"async\" srcset=\"https:\/\/itisallmath.org\/wp-content\/uploads\/2021\/05\/client-logo-1.png \" sizes=\"auto, (max-width: 480px) 150px\" src=\"https:\/\/itisallmath.org\/wp-content\/uploads\/2021\/05\/client-logo-1.png\" alt=\"\" class=\"uag-image-129\" width=\"109\" height=\"26\" title=\"\" loading=\"lazy\" role=\"img\"\/><\/figure><\/div>\n<\/div><\/div>\n\n\n\n<div class=\"wp-block-uagb-info-box uagb-block-33eb255a uagb-infobox__content-wrap  uagb-infobox-icon-above-title uagb-infobox-image-valign-top\"><div class=\"uagb-ifb-content\"><div class=\"uagb-ifb-title-wrap\"><h2 class=\"uagb-ifb-title-prefix\">\u00bfPor Qu\u00e9 Eligirnos?<\/h2><p class=\"uagb-ifb-title\">Tenemos la experiencia y el conocimiento para ofrecerle asesoramiento imparcial y servicios a un precio honesto.<\/p><\/div><p class=\"uagb-ifb-desc\">Con nosotros se sentir\u00e1 escuchado. Escuchamos los requisitos de los nuestros clientes para ofrecerle la asesor\u00eda y soluci\u00f3n correcta. Nos preocupamos por su negocio como si fuera el nuestro. Damos un sincero inter\u00e9s en su negocio y realmente queremos ayudar a su empresa a alcanzar su potencial.<\/p><\/div><\/div>\n<\/div><\/div>\n\n\n\n<div class=\"wp-block-uagb-container uagb-block-db2d419d alignfull uagb-is-root-container\"><div class=\"uagb-container-inner-blocks-wrap\">\n<div class=\"wp-block-uagb-container uagb-layout-grid uagb-block-964d8b67\">\n<div class=\"wp-block-uagb-info-box uagb-block-f88e0df1 uagb-infobox__content-wrap  uagb-infobox-icon-above-title uagb-infobox-image-valign-top\"><div class=\"uagb-ifb-content\"><div class=\"uagb-ifb-title-wrap\"><h3 class=\"uagb-ifb-title\">Tiene un Proyecto en mente?<\/h3><\/div><p class=\"uagb-ifb-desc\">Podemos ayudarle a realizar sus ideas. Hablemos de lo que podemos construir y realizar juntos.<\/p><div class=\"uagb-ifb-button-wrapper wp-block-button\"><a href=\"\/es\/carroyav01@gmail.com\/\" class=\"uagb-infobox-cta-link wp-block-button__link\" target=\"_blank\" rel=\"noopener noreferrer\" onclick=\"return true;\"><span class=\"uagb-inline-editing\">Cont\u00e1ctanos<\/span><svg xmlns=\"https:\/\/www.w3.org\/2000\/svg\" viewbox=\"0 0 512 512\"><path d=\"M502.6 278.6l-128 128c-12.51 12.51-32.76 12.49-45.25 0c-12.5-12.5-12.5-32.75 0-45.25L402.8 288H32C14.31 288 0 273.7 0 255.1S14.31 224 32 224h370.8l-73.38-73.38c-12.5-12.5-12.5-32.75 0-45.25s32.75-12.5 45.25 0l128 128C515.1 245.9 515.1 266.1 502.6 278.6z\"><\/path><\/svg><\/a><\/div><\/div><\/div>\n\n\n\n<div class=\"wp-block-uagb-image alignright uagb-block-1ecf927d wp-block-uagb-image--layout-default wp-block-uagb-image--effect-static wp-block-uagb-image--align-right\"><figure class=\"wp-block-uagb-image__figure\"><img decoding=\"async\" srcset=\"https:\/\/itisallmath.org\/wp-content\/uploads\/2021\/05\/cta-img.jpg ,https:\/\/itisallmath.org\/wp-content\/uploads\/2021\/05\/cta-img.jpg 780w\" sizes=\"auto, (max-width: 480px) 150px\" src=\"https:\/\/itisallmath.org\/wp-content\/uploads\/2021\/05\/cta-img.jpg\" alt=\"\" class=\"uag-image-69\" width=\"800\" height=\"565\" title=\"\" loading=\"lazy\" role=\"img\"\/><\/figure><\/div>\n<\/div>\n\n\n\n<div class=\"wp-block-uagb-container uagb-layout-grid uagb-block-3e7a0fa1\">\n<div class=\"wp-block-uagb-advanced-heading uagb-block-165a3982\"><h2 class=\"uagb-heading-text\">Juntos vamos a construir un negocio floreciente<\/h2><\/div>\n\n\n\n<div class=\"wp-block-uagb-advanced-heading uagb-block-0d1db6a6\"><p class=\"uagb-desc-text\">Cuando nos contacte, usted no estar\u00e1 desarrollando su negocio solo. Estamos a su lado y pondremos nuestro mejor esfuerzo para contribuir al crecimiento de todo su equipo y organizaci\u00f3n. Por lo tanto, si usted est\u00e1 buscando una agencia que le ayude a construir una buena presencia en internet y generar m\u00e1s ingresos, aqu\u00ed estamos!<\/p><\/div>\n<\/div>\n<\/div><\/div>\n\n\n\n<div class=\"wp-block-uagb-container uagb-block-af742380 alignfull uagb-is-root-container\"><div class=\"uagb-container-inner-blocks-wrap\">\n<div class=\"wp-block-uagb-container uagb-block-6b0a5d2a\">\n<div class=\"wp-block-uagb-info-box uagb-block-65aeb817 uagb-infobox__content-wrap  uagb-infobox-icon-above-title uagb-infobox-image-valign-top\"><div class=\"uagb-ifb-content\"><div class=\"uagb-ifb-title-wrap\"><span class=\"uagb-ifb-title-prefix\"><strong><strong>Sus Socios De Confianza<\/strong><\/strong><\/span><h2 class=\"uagb-ifb-title\">Equipo altamente Motivado con Ideas Innovadoras<\/h2><\/div><\/div><\/div>\n\n\n\n<div class=\"wp-block-uagb-advanced-heading uagb-block-8bdd44f0\"><p class=\"uagb-heading-text\">Nos encanta lo que hacemos y por lo tanto ofrecemos las mejores soluciones posibles para ayudarle a establecer y crecer en l\u00ednea r\u00e1pidamente. Somos sus socios de confianza, con los que usted puede contar.<\/p><\/div>\n<\/div>\n\n\n\t\t\t\t\t<div\n\t\t\t\t\t\tclass=\"wp-block-uagb-image-gallery uagb-block-465cdf8a\"\n\t\t\t\t\t\tstyle=\"\"\n\t\t\t\t\t>\n\t\t\t\t\t\t\t\t\t\t\t<div class=\"spectra-image-gallery spectra-image-gallery__layout--grid spectra-image-gallery__layout--grid-col-3 spectra-image-gallery__layout--grid-col-tab-3 spectra-image-gallery__layout--grid-col-mob-1\">\n\t\t\t\t\t\t\t\t\t\t\t<div class='spectra-image-gallery__media-wrapper' data-spectra-gallery-image-id='75' tabindex=\"0\">\n\t\t\t\t\t\t\t<div class=\"spectra-image-gallery__media spectra-image-gallery__media--grid\">\n\t\t\t\t<picture>\n\t\t\t\t\t<source media=\"(min-width: 1024px)\" srcset=\"http:\/\/itisallmath.org\/wp-content\/uploads\/2021\/05\/gallery-1.jpg\">\n\t\t\t\t\t<source media=\"(min-width: 768px)\" srcset=\"http:\/\/itisallmath.org\/wp-content\/uploads\/2021\/05\/gallery-1.jpg\">\n\t\t\t\t\t<img decoding=\"async\" class=\"spectra-image-gallery__media-thumbnail spectra-image-gallery__media-thumbnail--grid\" src=\"https:\/\/websitedemos.net\/digital-agency-08\/wp-content\/uploads\/sites\/850\/2021\/05\/gallery-1-300x300.jpg\" alt=\"\" loading=\"lazy\" \/>\n\t\t\t\t<\/picture>\n\t\t\t\t<div class=\"spectra-image-gallery__media-thumbnail-blurrer\"><\/div>\n\t\t\t\t\t\t\t\t\t\t\t<div class=\"spectra-image-gallery__media-thumbnail-caption-wrapper spectra-image-gallery__media-thumbnail-caption-wrapper--overlay\"><\/div>\n\t\t\t\t\t\t\t\t<\/div>\n\t\t\t\t\t\t<\/div>\n\t\t\t\t\t\t<div class='spectra-image-gallery__media-wrapper' data-spectra-gallery-image-id='76' tabindex=\"0\">\n\t\t\t\t\t\t\t<div class=\"spectra-image-gallery__media spectra-image-gallery__media--grid\">\n\t\t\t\t<picture>\n\t\t\t\t\t<source media=\"(min-width: 1024px)\" srcset=\"http:\/\/itisallmath.org\/wp-content\/uploads\/2021\/05\/gallery-2.jpg\">\n\t\t\t\t\t<source media=\"(min-width: 768px)\" srcset=\"http:\/\/itisallmath.org\/wp-content\/uploads\/2021\/05\/gallery-2.jpg\">\n\t\t\t\t\t<img decoding=\"async\" class=\"spectra-image-gallery__media-thumbnail spectra-image-gallery__media-thumbnail--grid\" src=\"https:\/\/websitedemos.net\/digital-agency-08\/wp-content\/uploads\/sites\/850\/2021\/05\/gallery-2-300x300.jpg\" alt=\"\" loading=\"lazy\" \/>\n\t\t\t\t<\/picture>\n\t\t\t\t<div class=\"spectra-image-gallery__media-thumbnail-blurrer\"><\/div>\n\t\t\t\t\t\t\t\t\t\t\t<div class=\"spectra-image-gallery__media-thumbnail-caption-wrapper spectra-image-gallery__media-thumbnail-caption-wrapper--overlay\"><\/div>\n\t\t\t\t\t\t\t\t<\/div>\n\t\t\t\t\t\t<\/div>\n\t\t\t\t\t\t<div class='spectra-image-gallery__media-wrapper' data-spectra-gallery-image-id='77' tabindex=\"0\">\n\t\t\t\t\t\t\t<div class=\"spectra-image-gallery__media spectra-image-gallery__media--grid\">\n\t\t\t\t<picture>\n\t\t\t\t\t<source media=\"(min-width: 1024px)\" srcset=\"http:\/\/itisallmath.org\/wp-content\/uploads\/2021\/05\/gallery-3.jpg\">\n\t\t\t\t\t<source media=\"(min-width: 768px)\" srcset=\"http:\/\/itisallmath.org\/wp-content\/uploads\/2021\/05\/gallery-3.jpg\">\n\t\t\t\t\t<img decoding=\"async\" class=\"spectra-image-gallery__media-thumbnail spectra-image-gallery__media-thumbnail--grid\" src=\"https:\/\/websitedemos.net\/digital-agency-08\/wp-content\/uploads\/sites\/850\/2021\/05\/gallery-3-300x300.jpg\" alt=\"\" loading=\"lazy\" \/>\n\t\t\t\t<\/picture>\n\t\t\t\t<div class=\"spectra-image-gallery__media-thumbnail-blurrer\"><\/div>\n\t\t\t\t\t\t\t\t\t\t\t<div class=\"spectra-image-gallery__media-thumbnail-caption-wrapper spectra-image-gallery__media-thumbnail-caption-wrapper--overlay\"><\/div>\n\t\t\t\t\t\t\t\t<\/div>\n\t\t\t\t\t\t<\/div>\n\t\t\t\t\t\t\t\t\t\t<\/div>\n\t\t\t\t\t\t\t\t\t\t\t\t\t\t\t\t\t\t<\/div>\n\t\t\t\t\t\t\t\t\t<\/div><\/div>\n\n\n\n<p><\/p>","protected":false},"excerpt":{"rendered":"<p>Digital Agency That Thrives on Your Success If you are looking for an agency to help you create remarkable EPUBs and WEB APPS , you\u2019ve come to the right place. I can help you design and publish interactive EPUBs and WEB APS that will take education to the next level. Hire Us For Clients We\u2019ve [&hellip;]<\/p>","protected":false},"author":1,"featured_media":0,"parent":0,"menu_order":0,"comment_status":"closed","ping_status":"closed","template":"","meta":{"_uag_custom_page_level_css":"","_monsterinsights_skip_tracking":false,"_monsterinsights_sitenote_active":false,"_monsterinsights_sitenote_note":"","_monsterinsights_sitenote_category":0,"site-sidebar-layout":"no-sidebar","site-content-layout":"page-builder","ast-site-content-layout":"full-width-container","site-content-style":"unboxed","site-sidebar-style":"unboxed","ast-global-header-display":"","ast-banner-title-visibility":"","ast-main-header-display":"","ast-hfb-above-header-display":"","ast-hfb-below-header-display":"","ast-hfb-mobile-header-display":"","site-post-title":"disabled","ast-breadcrumbs-content":"","ast-featured-img":"disabled","footer-sml-layout":"","theme-transparent-header-meta":"enabled","adv-header-id-meta":"","stick-header-meta":"","header-above-stick-meta":"","header-main-stick-meta":"","header-below-stick-meta":"","astra-migrate-meta-layouts":"set","ast-page-background-enabled":"default","ast-page-background-meta":{"desktop":{"background-color":"","background-image":"","background-repeat":"repeat","background-position":"center center","background-size":"auto","background-attachment":"scroll","background-type":"","background-media":"","overlay-type":"","overlay-color":"","overlay-opacity":"","overlay-gradient":""},"tablet":{"background-color":"","background-image":"","background-repeat":"repeat","background-position":"center center","background-size":"auto","background-attachment":"scroll","background-type":"","background-media":"","overlay-type":"","overlay-color":"","overlay-opacity":"","overlay-gradient":""},"mobile":{"background-color":"","background-image":"","background-repeat":"repeat","background-position":"center center","background-size":"auto","background-attachment":"scroll","background-type":"","background-media":"","overlay-type":"","overlay-color":"","overlay-opacity":"","overlay-gradient":""}},"ast-content-background-meta":{"desktop":{"background-color":"var(--ast-global-color-5)","background-image":"","background-repeat":"repeat","background-position":"center center","background-size":"auto","background-attachment":"scroll","background-type":"","background-media":"","overlay-type":"","overlay-color":"","overlay-opacity":"","overlay-gradient":""},"tablet":{"background-color":"var(--ast-global-color-5)","background-image":"","background-repeat":"repeat","background-position":"center center","background-size":"auto","background-attachment":"scroll","background-type":"","background-media":"","overlay-type":"","overlay-color":"","overlay-opacity":"","overlay-gradient":""},"mobile":{"background-color":"var(--ast-global-color-5)","background-image":"","background-repeat":"repeat","background-position":"center center","background-size":"auto","background-attachment":"scroll","background-type":"","background-media":"","overlay-type":"","overlay-color":"","overlay-opacity":"","overlay-gradient":""}},"footnotes":""},"class_list":["post-135","page","type-page","status-publish","hentry"],"aioseo_notices":[],"uagb_featured_image_src":{"full":false,"thumbnail":false,"medium":false,"medium_large":false,"large":false,"1536x1536":false,"2048x2048":false,"trp-custom-language-flag":false,"woocommerce_thumbnail":false,"woocommerce_single":false,"woocommerce_gallery_thumbnail":false},"uagb_author_info":{"display_name":"carroyav02@gmail.com","author_link":"https:\/\/itisallmath.org\/es\/author\/carroyav02gmail-com\/"},"uagb_comment_info":0,"uagb_excerpt":"Digital Agency That Thrives on Your Success If you are looking for an agency to help you create remarkable EPUBs and WEB APPS , you\u2019ve come to the right place. I can help you design and publish interactive EPUBs and WEB APS that will take education to the next level. Hire Us For Clients We\u2019ve&hellip;","_links":{"self":[{"href":"https:\/\/itisallmath.org\/es\/wp-json\/wp\/v2\/pages\/135","targetHints":{"allow":["GET"]}}],"collection":[{"href":"https:\/\/itisallmath.org\/es\/wp-json\/wp\/v2\/pages"}],"about":[{"href":"https:\/\/itisallmath.org\/es\/wp-json\/wp\/v2\/types\/page"}],"author":[{"embeddable":true,"href":"https:\/\/itisallmath.org\/es\/wp-json\/wp\/v2\/users\/1"}],"replies":[{"embeddable":true,"href":"https:\/\/itisallmath.org\/es\/wp-json\/wp\/v2\/comments?post=135"}],"version-history":[{"count":15,"href":"https:\/\/itisallmath.org\/es\/wp-json\/wp\/v2\/pages\/135\/revisions"}],"predecessor-version":[{"id":1395,"href":"https:\/\/itisallmath.org\/es\/wp-json\/wp\/v2\/pages\/135\/revisions\/1395"}],"wp:attachment":[{"href":"https:\/\/itisallmath.org\/es\/wp-json\/wp\/v2\/media?parent=135"}],"curies":[{"name":"wp","href":"https:\/\/api.w.org\/{rel}","templated":true}]}}